{"id":159516,"date":"2025-11-18T10:27:06","date_gmt":"2025-11-18T09:27:06","guid":{"rendered":"https:\/\/cpts-pays-angouleme.fr\/?page_id=159516"},"modified":"2026-02-25T16:58:57","modified_gmt":"2026-02-25T15:58:57","slug":"nos-missions","status":"publish","type":"page","link":"https:\/\/cptspaysdangouleme.fr\/index.php\/nos-missions\/","title":{"rendered":"Nos missions"},"content":{"rendered":"<div class=\"wpb-content-wrapper\"><p>[vc_row row_height_percent=\u00a0\u00bb0&Prime; override_padding=\u00a0\u00bbyes\u00a0\u00bb h_padding=\u00a0\u00bb2&Prime; top_padding=\u00a0\u00bb3&Prime; bottom_padding=\u00a0\u00bb3&Prime; back_image=\u00a0\u00bb160478&Prime; overlay_alpha=\u00a0\u00bb50&Prime; gutter_size=\u00a0\u00bb3&Prime; column_width_percent=\u00a0\u00bb100&Prime; shift_y=\u00a0\u00bb0&Prime; z_index=\u00a0\u00bb0&Prime; content_parallax=\u00a0\u00bb0&Prime; uncode_shortcode_id=\u00a0\u00bb152207&Prime;][vc_column column_width_percent=\u00a0\u00bb100&Prime; gutter_size=\u00a0\u00bb1&Prime; style=\u00a0\u00bbdark\u00a0\u00bb overlay_alpha=\u00a0\u00bb50&Prime; shift_x=\u00a0\u00bb0&Prime; shift_y=\u00a0\u00bb0&Prime; shift_y_down=\u00a0\u00bb0&Prime; z_index=\u00a0\u00bb0&Prime; medium_width=\u00a0\u00bb0&Prime; mobile_width=\u00a0\u00bb0&Prime; width=\u00a0\u00bb1\/1&Prime; uncode_shortcode_id=\u00a0\u00bb126192&Prime;][vc_custom_heading heading_semantic=\u00a0\u00bbp\u00a0\u00bb text_font=\u00a0\u00bbfont-201595&Prime; text_size=\u00a0\u00bbh3&Prime; text_weight=\u00a0\u00bb400&Prime; text_transform=\u00a0\u00bbuppercase\u00a0\u00bb uncode_shortcode_id=\u00a0\u00bb150195&Prime;]CPTS Pays d\u2019Angoul\u00eame[\/vc_custom_heading][vc_custom_heading heading_semantic=\u00a0\u00bbh1&Prime; text_font=\u00a0\u00bbfont-201595&Prime; text_size=\u00a0\u00bbh1&Prime; text_weight=\u00a0\u00bb700&Prime; text_transform=\u00a0\u00bbuppercase\u00a0\u00bb uncode_shortcode_id=\u00a0\u00bb153890&Prime;]Nos missions[\/vc_custom_heading][\/vc_column][\/vc_row][vc_row unlock_row_content=\u00a0\u00bbyes\u00a0\u00bb row_height_percent=\u00a0\u00bb0&Prime; override_padding=\u00a0\u00bbyes\u00a0\u00bb h_padding=\u00a0\u00bb3&Prime; top_padding=\u00a0\u00bb3&Prime; bottom_padding=\u00a0\u00bb3&Prime; back_color=\u00a0\u00bbcolor-lxmt\u00a0\u00bb back_image=\u00a0\u00bb160009&Prime; overlay_alpha=\u00a0\u00bb50&Prime; gutter_size=\u00a0\u00bb4&Prime; column_width_percent=\u00a0\u00bb100&Prime; border_color=\u00a0\u00bbcolor-gyho\u00a0\u00bb border_style=\u00a0\u00bbsolid\u00a0\u00bb shift_y=\u00a0\u00bb0&Prime; z_index=\u00a0\u00bb0&Prime; content_parallax=\u00a0\u00bb0&Prime; css=\u00a0\u00bb.vc_custom_1768320195268{border-bottom-width: 1px !important;}\u00a0\u00bb uncode_shortcode_id=\u00a0\u00bb490038&Prime; back_color_type=\u00a0\u00bbuncode-palette\u00a0\u00bb border_color_type=\u00a0\u00bbuncode-palette\u00a0\u00bb][vc_column column_width_percent=\u00a0\u00bb100&Prime; align_horizontal=\u00a0\u00bbalign_center\u00a0\u00bb gutter_size=\u00a0\u00bb1&Prime; overlay_alpha=\u00a0\u00bb50&Prime; shift_x=\u00a0\u00bb0&Prime; shift_y=\u00a0\u00bb0&Prime; shift_y_down=\u00a0\u00bb0&Prime; z_index=\u00a0\u00bb0&Prime; medium_width=\u00a0\u00bb0&Prime; mobile_width=\u00a0\u00bb0&Prime; sticky=\u00a0\u00bbyes\u00a0\u00bb width=\u00a0\u00bb1\/1&Prime; uncode_shortcode_id=\u00a0\u00bb621054&Prime;][vc_empty_space empty_h=\u00a0\u00bb2&Prime;][uncode_index el_id=\u00a0\u00bbindex-1&Prime; isotope_mode=\u00a0\u00bbfitRows\u00a0\u00bb loop=\u00a0\u00bbsize:6|post_type:page|tax_query:75|taxonomy_count:10&Prime; screen_lg=\u00a0\u00bb1200&Prime; screen_md=\u00a0\u00bb1000&Prime; screen_sm=\u00a0\u00bb480&Prime; gutter_size=\u00a0\u00bb3&Prime; post_items=\u00a0\u00bbdate,title,spacer|half,text|excerpt|76,sep-one|full,extra\u00a0\u00bb page_items=\u00a0\u00bbmedia|featured|onpost|original,title|-,text|excerpt|90,link|default|small_size|scale_mobile|fluid_width|default_outline|Acc\u00e9der \u00e0 la page\u00a0\u00bb infinite=\u00a0\u00bbyes\u00a0\u00bb infinite_button=\u00a0\u00bbyes\u00a0\u00bb infinite_button_color=\u00a0\u00bbcolor-210407&Prime; single_back_color=\u00a0\u00bbcolor-xsdn\u00a0\u00bb single_shape=\u00a0\u00bbround\u00a0\u00bb radius=\u00a0\u00bbxl\u00a0\u00bb single_overlay_color=\u00a0\u00bbcolor-210407&Prime; single_overlay_opacity=\u00a0\u00bb90&Prime; single_image_color_anim=\u00a0\u00bbyes\u00a0\u00bb single_h_align=\u00a0\u00bbcenter\u00a0\u00bb single_h_align_mobile=\u00a0\u00bbcenter\u00a0\u00bb single_padding=\u00a0\u00bb3&Prime; single_title_semantic=\u00a0\u00bbh2&Prime; single_title_family=\u00a0\u00bbfont-133811&Prime; single_title_dimension=\u00a0\u00bbh6&Prime; single_text_lead=\u00a0\u00bbsmall\u00a0\u00bb single_css_animation=\u00a0\u00bbbottom-t-top\u00a0\u00bb single_animation_delay=\u00a0\u00bb200&Prime; custom_order=\u00a0\u00bbyes\u00a0\u00bb order_ids=\u00a0\u00bb159653,159659,159657,159655,159668,159661&Prime; uncode_shortcode_id=\u00a0\u00bb388868&Prime; infinite_button_color_type=\u00a0\u00bbuncode-palette\u00a0\u00bb single_icon=\u00a0\u00bbfa fa-tick\u00a0\u00bb items=\u00a0\u00bbeyIxNTk2NTNfaSI6eyJpbWFnZXNfc2l6ZSI6InNpeHRlZW4tbmluZSJ9LCIxNTk2NTVfaSI6eyJpbWFnZXNfc2l6ZSI6InNpeHRlZW4tbmluZSJ9LCIxNTk2NTdfaSI6eyJpbWFnZXNfc2l6ZSI6InNpeHRlZW4tbmluZSJ9LCIxNTk2NTlfaSI6eyJpbWFnZXNfc2l6ZSI6InNpeHRlZW4tbmluZSJ9LCIxNTk2NjFfaSI6eyJpbWFnZXNfc2l6ZSI6InNpeHRlZW4tbmluZSJ9LCIxNTk2NjhfaSI6eyJpbWFnZXNfc2l6ZSI6InNpeHRlZW4tbmluZSJ9fQ==\u00a0\u00bb][\/vc_column][\/vc_row]<\/p>\n<\/div>","protected":false},"excerpt":{"rendered":"<p>[vc_row row_height_percent=\u00a0\u00bb0&Prime; override_padding=\u00a0\u00bbyes\u00a0\u00bb h_padding=\u00a0\u00bb2&Prime; top_padding=\u00a0\u00bb3&Prime; bottom_padding=\u00a0\u00bb3&Prime; back_image=\u00a0\u00bb160478&Prime; overlay_alpha=\u00a0\u00bb50&Prime; gutter_size=\u00a0\u00bb3&Prime; column_width_percent=\u00a0\u00bb100&Prime; shift_y=\u00a0\u00bb0&Prime; z_index=\u00a0\u00bb0&Prime; content_parallax=\u00a0\u00bb0&Prime; uncode_shortcode_id=\u00a0\u00bb152207&Prime;][vc_column column_width_percent=\u00a0\u00bb100&Prime; gutter_size=\u00a0\u00bb1&Prime; style=\u00a0\u00bbdark\u00a0\u00bb overlay_alpha=\u00a0\u00bb50&Prime; shift_x=\u00a0\u00bb0&Prime; shift_y=\u00a0\u00bb0&Prime; [&hellip;]<\/p>\n","protected":false},"author":2,"featured_media":0,"parent":0,"menu_order":0,"comment_status":"closed","ping_status":"closed","template":"","meta":{"_price":"","_stock":"","_tribe_ticket_header":"","_tribe_default_ticket_provider":"","_tribe_ticket_capacity":"0","_ticket_start_date":"","_ticket_end_date":"","_tribe_ticket_show_description":"","_tribe_ticket_show_not_going":false,"_tribe_ticket_use_global_stock":"","_tribe_ticket_global_stock_level":"","_global_stock_mode":"","_global_stock_cap":"","_tribe_rsvp_for_event":"","_tribe_ticket_going_count":"","_tribe_ticket_not_going_count":"","_tribe_tickets_list":"[]","_tribe_ticket_has_attendee_info_fields":false,"footnotes":"","_tec_slr_enabled":"","_tec_slr_layout":""},"class_list":["post-159516","page","type-page","status-publish","hentry"],"yoast_head":"<!-- This site is optimized with the Yoast SEO plugin v27.3 - https:\/\/yoast.com\/product\/yoast-seo-wordpress\/ -->\n<title>Nos missions CPTS Pays d\u2019Angoul\u00eame | Coordination &amp; sant\u00e9<\/title>\n<meta name=\"description\" content=\"D\u00e9couvrez les missions de la CPTS Pays d\u2019Angoul\u00eame : coordination des acteurs de sant\u00e9, am\u00e9lioration de l\u2019acc\u00e8s aux soins et pr\u00e9vention...\" \/>\n<meta name=\"robots\" content=\"index, follow, max-snippet:-1, max-image-preview:large, max-video-preview:-1\" \/>\n<link rel=\"canonical\" href=\"https:\/\/cptspaysdangouleme.fr\/index.php\/nos-missions\/\" \/>\n<meta property=\"og:locale\" content=\"fr_FR\" \/>\n<meta property=\"og:type\" content=\"article\" \/>\n<meta property=\"og:title\" content=\"Nos missions CPTS Pays d\u2019Angoul\u00eame | Coordination &amp; sant\u00e9\" \/>\n<meta property=\"og:description\" content=\"D\u00e9couvrez les missions de la CPTS Pays d\u2019Angoul\u00eame : coordination des acteurs de sant\u00e9, am\u00e9lioration de l\u2019acc\u00e8s aux soins et pr\u00e9vention...\" \/>\n<meta property=\"og:url\" content=\"https:\/\/cptspaysdangouleme.fr\/index.php\/nos-missions\/\" \/>\n<meta property=\"og:site_name\" content=\"Cpts Pays Angouleme\" \/>\n<meta property=\"article:modified_time\" content=\"2026-02-25T15:58:57+00:00\" \/>\n<meta name=\"twitter:card\" content=\"summary_large_image\" \/>\n<meta name=\"twitter:label1\" content=\"Dur\u00e9e de lecture estim\u00e9e\" \/>\n\t<meta name=\"twitter:data1\" content=\"1 minute\" \/>\n<script type=\"application\/ld+json\" class=\"yoast-schema-graph\">{\"@context\":\"https:\\\/\\\/schema.org\",\"@graph\":[{\"@type\":\"WebPage\",\"@id\":\"https:\\\/\\\/cptspaysdangouleme.fr\\\/index.php\\\/nos-missions\\\/\",\"url\":\"https:\\\/\\\/cptspaysdangouleme.fr\\\/index.php\\\/nos-missions\\\/\",\"name\":\"Nos missions CPTS Pays d\u2019Angoul\u00eame | Coordination & sant\u00e9\",\"isPartOf\":{\"@id\":\"https:\\\/\\\/cptspaysdangouleme.fr\\\/#website\"},\"datePublished\":\"2025-11-18T09:27:06+00:00\",\"dateModified\":\"2026-02-25T15:58:57+00:00\",\"description\":\"D\u00e9couvrez les missions de la CPTS Pays d\u2019Angoul\u00eame : coordination des acteurs de sant\u00e9, am\u00e9lioration de l\u2019acc\u00e8s aux soins et pr\u00e9vention...\",\"breadcrumb\":{\"@id\":\"https:\\\/\\\/cptspaysdangouleme.fr\\\/index.php\\\/nos-missions\\\/#breadcrumb\"},\"inLanguage\":\"fr-FR\",\"potentialAction\":[{\"@type\":\"ReadAction\",\"target\":[\"https:\\\/\\\/cptspaysdangouleme.fr\\\/index.php\\\/nos-missions\\\/\"]}]},{\"@type\":\"BreadcrumbList\",\"@id\":\"https:\\\/\\\/cptspaysdangouleme.fr\\\/index.php\\\/nos-missions\\\/#breadcrumb\",\"itemListElement\":[{\"@type\":\"ListItem\",\"position\":1,\"name\":\"Home\",\"item\":\"https:\\\/\\\/cptspaysdangouleme.fr\\\/\"},{\"@type\":\"ListItem\",\"position\":2,\"name\":\"Nos missions\"}]},{\"@type\":\"WebSite\",\"@id\":\"https:\\\/\\\/cptspaysdangouleme.fr\\\/#website\",\"url\":\"https:\\\/\\\/cptspaysdangouleme.fr\\\/\",\"name\":\"Cpts Pays Angouleme\",\"description\":\"\",\"potentialAction\":[{\"@type\":\"SearchAction\",\"target\":{\"@type\":\"EntryPoint\",\"urlTemplate\":\"https:\\\/\\\/cptspaysdangouleme.fr\\\/?s={search_term_string}\"},\"query-input\":{\"@type\":\"PropertyValueSpecification\",\"valueRequired\":true,\"valueName\":\"search_term_string\"}}],\"inLanguage\":\"fr-FR\"}]}<\/script>\n<!-- \/ Yoast SEO plugin. -->","yoast_head_json":{"title":"Nos missions CPTS Pays d\u2019Angoul\u00eame | Coordination & sant\u00e9","description":"D\u00e9couvrez les missions de la CPTS Pays d\u2019Angoul\u00eame : coordination des acteurs de sant\u00e9, am\u00e9lioration de l\u2019acc\u00e8s aux soins et pr\u00e9vention...","robots":{"index":"index","follow":"follow","max-snippet":"max-snippet:-1","max-image-preview":"max-image-preview:large","max-video-preview":"max-video-preview:-1"},"canonical":"https:\/\/cptspaysdangouleme.fr\/index.php\/nos-missions\/","og_locale":"fr_FR","og_type":"article","og_title":"Nos missions CPTS Pays d\u2019Angoul\u00eame | Coordination & sant\u00e9","og_description":"D\u00e9couvrez les missions de la CPTS Pays d\u2019Angoul\u00eame : coordination des acteurs de sant\u00e9, am\u00e9lioration de l\u2019acc\u00e8s aux soins et pr\u00e9vention...","og_url":"https:\/\/cptspaysdangouleme.fr\/index.php\/nos-missions\/","og_site_name":"Cpts Pays Angouleme","article_modified_time":"2026-02-25T15:58:57+00:00","twitter_card":"summary_large_image","twitter_misc":{"Dur\u00e9e de lecture estim\u00e9e":"1 minute"},"schema":{"@context":"https:\/\/schema.org","@graph":[{"@type":"WebPage","@id":"https:\/\/cptspaysdangouleme.fr\/index.php\/nos-missions\/","url":"https:\/\/cptspaysdangouleme.fr\/index.php\/nos-missions\/","name":"Nos missions CPTS Pays d\u2019Angoul\u00eame | Coordination & sant\u00e9","isPartOf":{"@id":"https:\/\/cptspaysdangouleme.fr\/#website"},"datePublished":"2025-11-18T09:27:06+00:00","dateModified":"2026-02-25T15:58:57+00:00","description":"D\u00e9couvrez les missions de la CPTS Pays d\u2019Angoul\u00eame : coordination des acteurs de sant\u00e9, am\u00e9lioration de l\u2019acc\u00e8s aux soins et pr\u00e9vention...","breadcrumb":{"@id":"https:\/\/cptspaysdangouleme.fr\/index.php\/nos-missions\/#breadcrumb"},"inLanguage":"fr-FR","potentialAction":[{"@type":"ReadAction","target":["https:\/\/cptspaysdangouleme.fr\/index.php\/nos-missions\/"]}]},{"@type":"BreadcrumbList","@id":"https:\/\/cptspaysdangouleme.fr\/index.php\/nos-missions\/#breadcrumb","itemListElement":[{"@type":"ListItem","position":1,"name":"Home","item":"https:\/\/cptspaysdangouleme.fr\/"},{"@type":"ListItem","position":2,"name":"Nos missions"}]},{"@type":"WebSite","@id":"https:\/\/cptspaysdangouleme.fr\/#website","url":"https:\/\/cptspaysdangouleme.fr\/","name":"Cpts Pays Angouleme","description":"","potentialAction":[{"@type":"SearchAction","target":{"@type":"EntryPoint","urlTemplate":"https:\/\/cptspaysdangouleme.fr\/?s={search_term_string}"},"query-input":{"@type":"PropertyValueSpecification","valueRequired":true,"valueName":"search_term_string"}}],"inLanguage":"fr-FR"}]}},"ticketed":false,"_links":{"self":[{"href":"https:\/\/cptspaysdangouleme.fr\/index.php\/wp-json\/wp\/v2\/pages\/159516","targetHints":{"allow":["GET"]}}],"collection":[{"href":"https:\/\/cptspaysdangouleme.fr\/index.php\/wp-json\/wp\/v2\/pages"}],"about":[{"href":"https:\/\/cptspaysdangouleme.fr\/index.php\/wp-json\/wp\/v2\/types\/page"}],"author":[{"embeddable":true,"href":"https:\/\/cptspaysdangouleme.fr\/index.php\/wp-json\/wp\/v2\/users\/2"}],"replies":[{"embeddable":true,"href":"https:\/\/cptspaysdangouleme.fr\/index.php\/wp-json\/wp\/v2\/comments?post=159516"}],"version-history":[{"count":31,"href":"https:\/\/cptspaysdangouleme.fr\/index.php\/wp-json\/wp\/v2\/pages\/159516\/revisions"}],"predecessor-version":[{"id":160974,"href":"https:\/\/cptspaysdangouleme.fr\/index.php\/wp-json\/wp\/v2\/pages\/159516\/revisions\/160974"}],"wp:attachment":[{"href":"https:\/\/cptspaysdangouleme.fr\/index.php\/wp-json\/wp\/v2\/media?parent=159516"}],"curies":[{"name":"wp","href":"https:\/\/api.w.org\/{rel}","templated":true}]}}