{"id":159657,"date":"2025-11-19T09:54:47","date_gmt":"2025-11-19T08:54:47","guid":{"rendered":"https:\/\/cpts-pays-angouleme.fr\/?page_id=159657"},"modified":"2026-01-19T11:11:44","modified_gmt":"2026-01-19T10:11:44","slug":"developper-des-actions-territoriales-de-prevention","status":"publish","type":"page","link":"https:\/\/cptspaysdangouleme.fr\/index.php\/nos-missions\/developper-des-actions-territoriales-de-prevention\/","title":{"rendered":"D\u00e9velopper des actions territoriales de pr\u00e9vention"},"content":{"rendered":"<div class=\"wpb-content-wrapper\"><p>[vc_row row_height_percent=\u00a0\u00bb0&Prime; override_padding=\u00a0\u00bbyes\u00a0\u00bb h_padding=\u00a0\u00bb2&Prime; top_padding=\u00a0\u00bb3&Prime; bottom_padding=\u00a0\u00bb3&Prime; back_image=\u00a0\u00bb160477&Prime; overlay_alpha=\u00a0\u00bb50&Prime; gutter_size=\u00a0\u00bb3&Prime; column_width_percent=\u00a0\u00bb100&Prime; shift_y=\u00a0\u00bb0&Prime; z_index=\u00a0\u00bb0&Prime; content_parallax=\u00a0\u00bb0&Prime; uncode_shortcode_id=\u00a0\u00bb697927&Prime;][vc_column column_width_percent=\u00a0\u00bb100&Prime; gutter_size=\u00a0\u00bb1&Prime; style=\u00a0\u00bbdark\u00a0\u00bb overlay_alpha=\u00a0\u00bb50&Prime; shift_x=\u00a0\u00bb0&Prime; shift_y=\u00a0\u00bb0&Prime; shift_y_down=\u00a0\u00bb0&Prime; z_index=\u00a0\u00bb0&Prime; medium_width=\u00a0\u00bb0&Prime; mobile_width=\u00a0\u00bb0&Prime; width=\u00a0\u00bb1\/1&Prime; uncode_shortcode_id=\u00a0\u00bb126192&Prime;][vc_custom_heading heading_semantic=\u00a0\u00bbh3&Prime; text_font=\u00a0\u00bbfont-201595&Prime; text_size=\u00a0\u00bbh3&Prime; text_weight=\u00a0\u00bb400&Prime; text_transform=\u00a0\u00bbuppercase\u00a0\u00bb uncode_shortcode_id=\u00a0\u00bb193409&Prime;]Notre mission[\/vc_custom_heading][vc_custom_heading text_font=\u00a0\u00bbfont-201595&Prime; text_transform=\u00a0\u00bbuppercase\u00a0\u00bb uncode_shortcode_id=\u00a0\u00bb767154&Prime;]D\u00e9velopper des actions territoriales de pr\u00e9vention[\/vc_custom_heading][\/vc_column][\/vc_row][vc_row unlock_row_content=\u00a0\u00bbyes\u00a0\u00bb row_height_percent=\u00a0\u00bb0&Prime; override_padding=\u00a0\u00bbyes\u00a0\u00bb h_padding=\u00a0\u00bb0&Prime; top_padding=\u00a0\u00bb3&Prime; bottom_padding=\u00a0\u00bb2&Prime; back_image=\u00a0\u00bb159404&Prime; overlay_color=\u00a0\u00bbcolor-xsdn\u00a0\u00bb overlay_alpha=\u00a0\u00bb64&Prime; gutter_size=\u00a0\u00bb4&Prime; column_width_percent=\u00a0\u00bb100&Prime; border_style=\u00a0\u00bbsolid\u00a0\u00bb shift_y=\u00a0\u00bb0&Prime; z_index=\u00a0\u00bb0&Prime; top_divider=\u00a0\u00bbstep_1_2&Prime; bottom_divider=\u00a0\u00bbstep_1_2&Prime; content_parallax=\u00a0\u00bb0&Prime; uncode_shortcode_id=\u00a0\u00bb214131&Prime; overlay_color_type=\u00a0\u00bbuncode-palette\u00a0\u00bb][vc_column column_width_percent=\u00a0\u00bb100&Prime; align_horizontal=\u00a0\u00bbalign_right\u00a0\u00bb gutter_size=\u00a0\u00bb3&Prime; overlay_alpha=\u00a0\u00bb50&Prime; shift_x=\u00a0\u00bb0&Prime; shift_y=\u00a0\u00bb0&Prime; z_index=\u00a0\u00bb0&Prime; medium_width=\u00a0\u00bb4&Prime; mobile_width=\u00a0\u00bb0&Prime; width=\u00a0\u00bb1\/2&Prime;][vc_single_image media=\u00a0\u00bb160488&Prime; media_width_percent=\u00a0\u00bb100&Prime; media_ratio=\u00a0\u00bbfour-three\u00a0\u00bb shape=\u00a0\u00bbimg-round\u00a0\u00bb radius=\u00a0\u00bbhg\u00a0\u00bb uncode_shortcode_id=\u00a0\u00bb151390&Prime;][\/vc_column][vc_column column_width_percent=\u00a0\u00bb100&Prime; position_horizontal=\u00a0\u00bbleft\u00a0\u00bb position_vertical=\u00a0\u00bbmiddle\u00a0\u00bb gutter_size=\u00a0\u00bb1&Prime; override_padding=\u00a0\u00bbyes\u00a0\u00bb column_padding=\u00a0\u00bb4&Prime; overlay_alpha=\u00a0\u00bb50&Prime; shift_x=\u00a0\u00bb0&Prime; shift_y=\u00a0\u00bb0&Prime; shift_y_down=\u00a0\u00bb0&Prime; z_index=\u00a0\u00bb0&Prime; medium_width=\u00a0\u00bb4&Prime; align_mobile=\u00a0\u00bbalign_center_mobile\u00a0\u00bb mobile_width=\u00a0\u00bb0&Prime; width=\u00a0\u00bb1\/2&Prime; uncode_shortcode_id=\u00a0\u00bb175197&Prime;][vc_custom_heading heading_semantic=\u00a0\u00bbp\u00a0\u00bb text_font=\u00a0\u00bbfont-201595&Prime; text_size=\u00a0\u00bbh3&Prime; text_weight=\u00a0\u00bb400&Prime; text_transform=\u00a0\u00bbuppercase\u00a0\u00bb uncode_shortcode_id=\u00a0\u00bb189317&Prime;]D\u00e9velopper des actions[\/vc_custom_heading][vc_custom_heading heading_semantic=\u00a0\u00bbh1&Prime; text_font=\u00a0\u00bbfont-201595&Prime; text_size=\u00a0\u00bbh1&Prime; text_weight=\u00a0\u00bb700&Prime; text_transform=\u00a0\u00bbuppercase\u00a0\u00bb uncode_shortcode_id=\u00a0\u00bb163762&Prime;]territoriales de pr\u00e9vention[\/vc_custom_heading][vc_empty_space empty_h=\u00a0\u00bb1&Prime;][vc_column_text uncode_shortcode_id=\u00a0\u00bb848493&Prime;]La CPTS Pays d\u2019Angoul\u00eame place la pr\u00e9vention au c\u0153ur de ses missions.<br \/>\nInformer, sensibiliser, accompagner et anticiper : nous d\u00e9veloppons des actions de proximit\u00e9 pour aider les habitants \u00e0 pr\u00e9server leur sant\u00e9 et \u00e0 r\u00e9duire les risques de maladies \u00e9vitables.[\/vc_column_text][vc_empty_space empty_h=\u00a0\u00bb1&Prime;][\/vc_column][\/vc_row][vc_row row_height_percent=\u00a0\u00bb0&Prime; override_padding=\u00a0\u00bbyes\u00a0\u00bb h_padding=\u00a0\u00bb0&Prime; top_padding=\u00a0\u00bb2&Prime; bottom_padding=\u00a0\u00bb3&Prime; overlay_alpha=\u00a0\u00bb50&Prime; equal_height=\u00a0\u00bbyes\u00a0\u00bb gutter_size=\u00a0\u00bb0&Prime; column_width_percent=\u00a0\u00bb100&Prime; shift_y=\u00a0\u00bb0&Prime; z_index=\u00a0\u00bb0&Prime; content_parallax=\u00a0\u00bb0&Prime; uncode_shortcode_id=\u00a0\u00bb800536&Prime;][vc_column column_width_percent=\u00a0\u00bb100&Prime; align_horizontal=\u00a0\u00bbalign_center\u00a0\u00bb gutter_size=\u00a0\u00bb1&Prime; style=\u00a0\u00bblight\u00a0\u00bb overlay_alpha=\u00a0\u00bb50&Prime; shift_x=\u00a0\u00bb0&Prime; shift_y=\u00a0\u00bb0&Prime; shift_y_down=\u00a0\u00bb0&Prime; z_index=\u00a0\u00bb0&Prime; medium_width=\u00a0\u00bb0&Prime; mobile_width=\u00a0\u00bb0&Prime; css_animation=\u00a0\u00bbalpha-anim\u00a0\u00bb animation_speed=\u00a0\u00bb1000&Prime; width=\u00a0\u00bb1\/1&Prime; uncode_shortcode_id=\u00a0\u00bb155525&Prime;][vc_custom_heading heading_semantic=\u00a0\u00bbh3&Prime; text_font=\u00a0\u00bbfont-201595&Prime; text_size=\u00a0\u00bbh3&Prime; text_weight=\u00a0\u00bb400&Prime; text_transform=\u00a0\u00bbuppercase\u00a0\u00bb uncode_shortcode_id=\u00a0\u00bb446745&Prime;]Notre organisation[\/vc_custom_heading][vc_custom_heading text_font=\u00a0\u00bbfont-201595&Prime; text_weight=\u00a0\u00bb700&Prime; text_transform=\u00a0\u00bbuppercase\u00a0\u00bb uncode_shortcode_id=\u00a0\u00bb549652&Prime;]pour r\u00e9pondre \u00e0 vos besoins[\/vc_custom_heading][vc_empty_space empty_h=\u00a0\u00bb3&Prime;][vc_row_inner row_inner_height_percent=\u00a0\u00bb0&Prime; overlay_alpha=\u00a0\u00bb50&Prime; gutter_size=\u00a0\u00bb4&Prime; shift_y=\u00a0\u00bb0&Prime; z_index=\u00a0\u00bb0&Prime; limit_content=\u00a0\u00bb\u00a0\u00bb uncode_shortcode_id=\u00a0\u00bb469930&Prime;][vc_column_inner column_width_percent=\u00a0\u00bb100&Prime; gutter_size=\u00a0\u00bb2&Prime; style=\u00a0\u00bbdark\u00a0\u00bb back_color=\u00a0\u00bbcolor-210407&Prime; overlay_alpha=\u00a0\u00bb50&Prime; radius=\u00a0\u00bbhg\u00a0\u00bb shift_x=\u00a0\u00bb0&Prime; shift_y=\u00a0\u00bb0&Prime; shift_y_down=\u00a0\u00bb0&Prime; z_index=\u00a0\u00bb0&Prime; medium_width=\u00a0\u00bb0&Prime; mobile_width=\u00a0\u00bb0&Prime; sticky=\u00a0\u00bbyes\u00a0\u00bb width=\u00a0\u00bb5\/12&Prime; uncode_shortcode_id=\u00a0\u00bb745588&Prime; back_color_type=\u00a0\u00bbuncode-palette\u00a0\u00bb][vc_custom_heading heading_semantic=\u00a0\u00bbh4&Prime; text_font=\u00a0\u00bbfont-133811&Prime; text_size=\u00a0\u00bbh5&Prime; text_weight=\u00a0\u00bb700&Prime; text_transform=\u00a0\u00bbuppercase\u00a0\u00bb uncode_shortcode_id=\u00a0\u00bb224694&Prime;]objectifs de la mission[\/vc_custom_heading][vc_empty_space empty_h=\u00a0\u00bb1&Prime;][uncode_list icon=\u00a0\u00bbfa fa-check\u00a0\u00bb icon_color=\u00a0\u00bbcolor-127499&Prime; uncode_shortcode_id=\u00a0\u00bb324195&Prime; icon_color_type=\u00a0\u00bbuncode-palette\u00a0\u00bb]<\/p>\n<ul>\n<li>Promouvoir le d\u00e9pistage des cancers aupr\u00e8s de la population, notamment dans les Quartiers Prioritaires de la Ville (QPV)<\/li>\n<li>Am\u00e9liorer la couverture vaccinale sur le territoire<\/li>\n<\/ul>\n<p>[\/uncode_list][vc_empty_space empty_h=\u00a0\u00bb1&Prime;][\/vc_column_inner][vc_column_inner column_width_percent=\u00a0\u00bb100&Prime; gutter_size=\u00a0\u00bb1&Prime; override_padding=\u00a0\u00bbyes\u00a0\u00bb column_padding=\u00a0\u00bb2&Prime; style=\u00a0\u00bblight\u00a0\u00bb overlay_alpha=\u00a0\u00bb50&Prime; radius=\u00a0\u00bbhg\u00a0\u00bb border_color=\u00a0\u00bbcolor-210407&Prime; border_style=\u00a0\u00bbsolid\u00a0\u00bb shift_x=\u00a0\u00bb0&Prime; shift_y=\u00a0\u00bb0&Prime; shift_y_down=\u00a0\u00bb0&Prime; z_index=\u00a0\u00bb0&Prime; medium_width=\u00a0\u00bb0&Prime; mobile_width=\u00a0\u00bb0&Prime; width=\u00a0\u00bb7\/12&Prime; uncode_shortcode_id=\u00a0\u00bb141671&Prime; css=\u00a0\u00bb.vc_custom_1765814353328{border-top-width: 2px !important;border-right-width: 2px !important;border-bottom-width: 2px !important;border-left-width: 2px !important;}\u00a0\u00bb border_color_type=\u00a0\u00bbuncode-palette\u00a0\u00bb][vc_custom_heading heading_semantic=\u00a0\u00bbh5&Prime; text_font=\u00a0\u00bbfont-133811&Prime; text_size=\u00a0\u00bbh5&Prime; text_weight=\u00a0\u00bb700&Prime; text_transform=\u00a0\u00bbuppercase\u00a0\u00bb uncode_shortcode_id=\u00a0\u00bb172663&Prime;]En pratique[\/vc_custom_heading][vc_empty_space empty_h=\u00a0\u00bb1&Prime;][uncode_list icon=\u00a0\u00bbfa fa-check\u00a0\u00bb icon_color=\u00a0\u00bbcolor-127499&Prime; uncode_shortcode_id=\u00a0\u00bb833979&Prime; icon_color_type=\u00a0\u00bbuncode-palette\u00a0\u00bb]<\/p>\n<ul>\n<li>Organiser une journ\u00e9e de d\u00e9pistage organis\u00e9 (cancer du sein, de l\u2019ut\u00e9rus et colorectal)<\/li>\n<li>Organiser des actions d\u2019aller-vers sur l\u2019ensemble du territoire : vaccination et d\u00e9pistage des cancers<\/li>\n<li>R\u00e9pertorier les dispositifs existants pour l\u2019accompagnement des patients atteints de cancers<\/li>\n<li>Former et informer les professionnels par des r\u00e9unions d\u2019information et des formations pluri-professionnelles, favoriser les retours d\u2019exp\u00e9riences et de pratiques<\/li>\n<li>Soutenir les campagnes de sensibilisation nationales : Octobre Rose, Semaine de la Vaccination, Mars Bleu, Juin Vert, etc.<\/li>\n<\/ul>\n<p>[\/uncode_list][\/vc_column_inner][\/vc_row_inner][\/vc_column][\/vc_row][vc_row row_height_percent=\u00a0\u00bb0&Prime; override_padding=\u00a0\u00bbyes\u00a0\u00bb h_padding=\u00a0\u00bb0&Prime; top_padding=\u00a0\u00bb2&Prime; bottom_padding=\u00a0\u00bb4&Prime; overlay_alpha=\u00a0\u00bb50&Prime; gutter_size=\u00a0\u00bb3&Prime; column_width_percent=\u00a0\u00bb100&Prime; shift_y=\u00a0\u00bb0&Prime; z_index=\u00a0\u00bb0&Prime; content_parallax=\u00a0\u00bb0&Prime; uncode_shortcode_id=\u00a0\u00bb117873&Prime;][vc_column column_width_percent=\u00a0\u00bb100&Prime; gutter_size=\u00a0\u00bb3&Prime; back_color=\u00a0\u00bbcolor-127499&Prime; back_image=\u00a0\u00bb160480&Prime; overlay_alpha=\u00a0\u00bb50&Prime; radius=\u00a0\u00bbhg\u00a0\u00bb border_color=\u00a0\u00bbcolor-210407&Prime; border_style=\u00a0\u00bbgroove\u00a0\u00bb shift_x=\u00a0\u00bb0&Prime; shift_y=\u00a0\u00bb0&Prime; shift_y_down=\u00a0\u00bb0&Prime; z_index=\u00a0\u00bb0&Prime; medium_width=\u00a0\u00bb0&Prime; mobile_width=\u00a0\u00bb0&Prime; width=\u00a0\u00bb1\/1&Prime; uncode_shortcode_id=\u00a0\u00bb202842&Prime; back_color_type=\u00a0\u00bbuncode-palette\u00a0\u00bb css=\u00a0\u00bb.vc_custom_1768384231029{border-top-width: 4px !important;border-right-width: 4px !important;border-bottom-width: 4px !important;border-left-width: 4px !important;}\u00a0\u00bb border_color_type=\u00a0\u00bbuncode-palette\u00a0\u00bb][vc_row_inner][vc_column_inner column_width_percent=\u00a0\u00bb100&Prime; position_vertical=\u00a0\u00bbmiddle\u00a0\u00bb gutter_size=\u00a0\u00bb3&Prime; overlay_alpha=\u00a0\u00bb50&Prime; shift_x=\u00a0\u00bb0&Prime; shift_y=\u00a0\u00bb0&Prime; shift_y_down=\u00a0\u00bb0&Prime; z_index=\u00a0\u00bb0&Prime; medium_width=\u00a0\u00bb0&Prime; mobile_width=\u00a0\u00bb0&Prime; width=\u00a0\u00bb2\/3&Prime; uncode_shortcode_id=\u00a0\u00bb405919&Prime;][vc_custom_heading text_color=\u00a0\u00bbcolor-210407&Prime; heading_semantic=\u00a0\u00bbp\u00a0\u00bb text_font=\u00a0\u00bbfont-133811&Prime; text_size=\u00a0\u00bbh4&Prime; uncode_shortcode_id=\u00a0\u00bb493224&Prime; text_color_type=\u00a0\u00bbuncode-palette\u00a0\u00bb]Vous voulez participer au groupe de travail ?[\/vc_custom_heading][\/vc_column_inner][vc_column_inner width=\u00a0\u00bb1\/3&Prime;][vc_button button_color=\u00a0\u00bbcolor-210407&Prime; wide=\u00a0\u00bbyes\u00a0\u00bb border_width=\u00a0\u00bb0&Prime; uncode_shortcode_id=\u00a0\u00bb106599&Prime; button_color_type=\u00a0\u00bbuncode-palette\u00a0\u00bb link=\u00a0\u00bburl:mailto%3Acoordination%40cpts-pays-dangouleme.fr\u00a0\u00bb]Pour participer c&rsquo;est par ici ![\/vc_button][\/vc_column_inner][\/vc_row_inner][\/vc_column][\/vc_row]<\/p>\n<\/div>","protected":false},"excerpt":{"rendered":"<p>La CPTS Pays d\u2019Angoul\u00eame place la pr\u00e9vention au c\u0153ur de ses missions. Informer, sensibiliser, accompagner<\/p>\n","protected":false},"author":2,"featured_media":160488,"parent":159516,"menu_order":3,"comment_status":"closed","ping_status":"closed","template":"","meta":{"_price":"","_stock":"","_tribe_ticket_header":"","_tribe_default_ticket_provider":"","_tribe_ticket_capacity":"0","_ticket_start_date":"","_ticket_end_date":"","_tribe_ticket_show_description":"","_tribe_ticket_show_not_going":false,"_tribe_ticket_use_global_stock":"","_tribe_ticket_global_stock_level":"","_global_stock_mode":"","_global_stock_cap":"","_tribe_rsvp_for_event":"","_tribe_ticket_going_count":"","_tribe_ticket_not_going_count":"","_tribe_tickets_list":"[]","_tribe_ticket_has_attendee_info_fields":false,"footnotes":"","_tec_slr_enabled":"","_tec_slr_layout":""},"class_list":["post-159657","page","type-page","status-publish","has-post-thumbnail","hentry","page_category-nos-missions"],"yoast_head":"<!-- This site is optimized with the Yoast SEO plugin v27.3 - https:\/\/yoast.com\/product\/yoast-seo-wordpress\/ -->\n<title>D\u00e9velopper des actions territoriales de pr\u00e9vention - Cpts Pays Angouleme<\/title>\n<meta name=\"robots\" content=\"index, follow, max-snippet:-1, max-image-preview:large, max-video-preview:-1\" \/>\n<link rel=\"canonical\" href=\"https:\/\/cptspaysdangouleme.fr\/index.php\/nos-missions\/developper-des-actions-territoriales-de-prevention\/\" \/>\n<meta property=\"og:locale\" content=\"fr_FR\" \/>\n<meta property=\"og:type\" content=\"article\" \/>\n<meta property=\"og:title\" content=\"D\u00e9velopper des actions territoriales de pr\u00e9vention - Cpts Pays Angouleme\" \/>\n<meta property=\"og:description\" content=\"La CPTS Pays d\u2019Angoul\u00eame place la pr\u00e9vention au c\u0153ur de ses missions. Informer, sensibiliser, accompagner\" \/>\n<meta property=\"og:url\" content=\"https:\/\/cptspaysdangouleme.fr\/index.php\/nos-missions\/developper-des-actions-territoriales-de-prevention\/\" \/>\n<meta property=\"og:site_name\" content=\"Cpts Pays Angouleme\" \/>\n<meta property=\"article:modified_time\" content=\"2026-01-19T10:11:44+00:00\" \/>\n<meta property=\"og:image\" content=\"https:\/\/cptspaysdangouleme.fr\/wp-content\/uploads\/2025\/12\/Pprevention-pharmacienne.jpg\" \/>\n\t<meta property=\"og:image:width\" content=\"1500\" \/>\n\t<meta property=\"og:image:height\" content=\"1500\" \/>\n\t<meta property=\"og:image:type\" content=\"image\/jpeg\" \/>\n<meta name=\"twitter:card\" content=\"summary_large_image\" \/>\n<meta name=\"twitter:label1\" content=\"Dur\u00e9e de lecture estim\u00e9e\" \/>\n\t<meta name=\"twitter:data1\" content=\"3 minutes\" \/>\n<script type=\"application\/ld+json\" class=\"yoast-schema-graph\">{\"@context\":\"https:\\\/\\\/schema.org\",\"@graph\":[{\"@type\":\"WebPage\",\"@id\":\"https:\\\/\\\/cptspaysdangouleme.fr\\\/index.php\\\/nos-missions\\\/developper-des-actions-territoriales-de-prevention\\\/\",\"url\":\"https:\\\/\\\/cptspaysdangouleme.fr\\\/index.php\\\/nos-missions\\\/developper-des-actions-territoriales-de-prevention\\\/\",\"name\":\"D\u00e9velopper des actions territoriales de pr\u00e9vention - Cpts Pays Angouleme\",\"isPartOf\":{\"@id\":\"https:\\\/\\\/cptspaysdangouleme.fr\\\/#website\"},\"primaryImageOfPage\":{\"@id\":\"https:\\\/\\\/cptspaysdangouleme.fr\\\/index.php\\\/nos-missions\\\/developper-des-actions-territoriales-de-prevention\\\/#primaryimage\"},\"image\":{\"@id\":\"https:\\\/\\\/cptspaysdangouleme.fr\\\/index.php\\\/nos-missions\\\/developper-des-actions-territoriales-de-prevention\\\/#primaryimage\"},\"thumbnailUrl\":\"https:\\\/\\\/cptspaysdangouleme.fr\\\/wp-content\\\/uploads\\\/2025\\\/12\\\/Pprevention-pharmacienne.jpg\",\"datePublished\":\"2025-11-19T08:54:47+00:00\",\"dateModified\":\"2026-01-19T10:11:44+00:00\",\"breadcrumb\":{\"@id\":\"https:\\\/\\\/cptspaysdangouleme.fr\\\/index.php\\\/nos-missions\\\/developper-des-actions-territoriales-de-prevention\\\/#breadcrumb\"},\"inLanguage\":\"fr-FR\",\"potentialAction\":[{\"@type\":\"ReadAction\",\"target\":[\"https:\\\/\\\/cptspaysdangouleme.fr\\\/index.php\\\/nos-missions\\\/developper-des-actions-territoriales-de-prevention\\\/\"]}]},{\"@type\":\"ImageObject\",\"inLanguage\":\"fr-FR\",\"@id\":\"https:\\\/\\\/cptspaysdangouleme.fr\\\/index.php\\\/nos-missions\\\/developper-des-actions-territoriales-de-prevention\\\/#primaryimage\",\"url\":\"https:\\\/\\\/cptspaysdangouleme.fr\\\/wp-content\\\/uploads\\\/2025\\\/12\\\/Pprevention-pharmacienne.jpg\",\"contentUrl\":\"https:\\\/\\\/cptspaysdangouleme.fr\\\/wp-content\\\/uploads\\\/2025\\\/12\\\/Pprevention-pharmacienne.jpg\",\"width\":1500,\"height\":1500},{\"@type\":\"BreadcrumbList\",\"@id\":\"https:\\\/\\\/cptspaysdangouleme.fr\\\/index.php\\\/nos-missions\\\/developper-des-actions-territoriales-de-prevention\\\/#breadcrumb\",\"itemListElement\":[{\"@type\":\"ListItem\",\"position\":1,\"name\":\"Home\",\"item\":\"https:\\\/\\\/cptspaysdangouleme.fr\\\/\"},{\"@type\":\"ListItem\",\"position\":2,\"name\":\"Nos missions\",\"item\":\"https:\\\/\\\/cptspaysdangouleme.fr\\\/index.php\\\/nos-missions\\\/\"},{\"@type\":\"ListItem\",\"position\":3,\"name\":\"D\u00e9velopper des actions territoriales de pr\u00e9vention\"}]},{\"@type\":\"WebSite\",\"@id\":\"https:\\\/\\\/cptspaysdangouleme.fr\\\/#website\",\"url\":\"https:\\\/\\\/cptspaysdangouleme.fr\\\/\",\"name\":\"Cpts Pays Angouleme\",\"description\":\"\",\"potentialAction\":[{\"@type\":\"SearchAction\",\"target\":{\"@type\":\"EntryPoint\",\"urlTemplate\":\"https:\\\/\\\/cptspaysdangouleme.fr\\\/?s={search_term_string}\"},\"query-input\":{\"@type\":\"PropertyValueSpecification\",\"valueRequired\":true,\"valueName\":\"search_term_string\"}}],\"inLanguage\":\"fr-FR\"}]}<\/script>\n<!-- \/ Yoast SEO plugin. -->","yoast_head_json":{"title":"D\u00e9velopper des actions territoriales de pr\u00e9vention - Cpts Pays Angouleme","robots":{"index":"index","follow":"follow","max-snippet":"max-snippet:-1","max-image-preview":"max-image-preview:large","max-video-preview":"max-video-preview:-1"},"canonical":"https:\/\/cptspaysdangouleme.fr\/index.php\/nos-missions\/developper-des-actions-territoriales-de-prevention\/","og_locale":"fr_FR","og_type":"article","og_title":"D\u00e9velopper des actions territoriales de pr\u00e9vention - Cpts Pays Angouleme","og_description":"La CPTS Pays d\u2019Angoul\u00eame place la pr\u00e9vention au c\u0153ur de ses missions. Informer, sensibiliser, accompagner","og_url":"https:\/\/cptspaysdangouleme.fr\/index.php\/nos-missions\/developper-des-actions-territoriales-de-prevention\/","og_site_name":"Cpts Pays Angouleme","article_modified_time":"2026-01-19T10:11:44+00:00","og_image":[{"width":1500,"height":1500,"url":"https:\/\/cptspaysdangouleme.fr\/wp-content\/uploads\/2025\/12\/Pprevention-pharmacienne.jpg","type":"image\/jpeg"}],"twitter_card":"summary_large_image","twitter_misc":{"Dur\u00e9e de lecture estim\u00e9e":"3 minutes"},"schema":{"@context":"https:\/\/schema.org","@graph":[{"@type":"WebPage","@id":"https:\/\/cptspaysdangouleme.fr\/index.php\/nos-missions\/developper-des-actions-territoriales-de-prevention\/","url":"https:\/\/cptspaysdangouleme.fr\/index.php\/nos-missions\/developper-des-actions-territoriales-de-prevention\/","name":"D\u00e9velopper des actions territoriales de pr\u00e9vention - Cpts Pays Angouleme","isPartOf":{"@id":"https:\/\/cptspaysdangouleme.fr\/#website"},"primaryImageOfPage":{"@id":"https:\/\/cptspaysdangouleme.fr\/index.php\/nos-missions\/developper-des-actions-territoriales-de-prevention\/#primaryimage"},"image":{"@id":"https:\/\/cptspaysdangouleme.fr\/index.php\/nos-missions\/developper-des-actions-territoriales-de-prevention\/#primaryimage"},"thumbnailUrl":"https:\/\/cptspaysdangouleme.fr\/wp-content\/uploads\/2025\/12\/Pprevention-pharmacienne.jpg","datePublished":"2025-11-19T08:54:47+00:00","dateModified":"2026-01-19T10:11:44+00:00","breadcrumb":{"@id":"https:\/\/cptspaysdangouleme.fr\/index.php\/nos-missions\/developper-des-actions-territoriales-de-prevention\/#breadcrumb"},"inLanguage":"fr-FR","potentialAction":[{"@type":"ReadAction","target":["https:\/\/cptspaysdangouleme.fr\/index.php\/nos-missions\/developper-des-actions-territoriales-de-prevention\/"]}]},{"@type":"ImageObject","inLanguage":"fr-FR","@id":"https:\/\/cptspaysdangouleme.fr\/index.php\/nos-missions\/developper-des-actions-territoriales-de-prevention\/#primaryimage","url":"https:\/\/cptspaysdangouleme.fr\/wp-content\/uploads\/2025\/12\/Pprevention-pharmacienne.jpg","contentUrl":"https:\/\/cptspaysdangouleme.fr\/wp-content\/uploads\/2025\/12\/Pprevention-pharmacienne.jpg","width":1500,"height":1500},{"@type":"BreadcrumbList","@id":"https:\/\/cptspaysdangouleme.fr\/index.php\/nos-missions\/developper-des-actions-territoriales-de-prevention\/#breadcrumb","itemListElement":[{"@type":"ListItem","position":1,"name":"Home","item":"https:\/\/cptspaysdangouleme.fr\/"},{"@type":"ListItem","position":2,"name":"Nos missions","item":"https:\/\/cptspaysdangouleme.fr\/index.php\/nos-missions\/"},{"@type":"ListItem","position":3,"name":"D\u00e9velopper des actions territoriales de pr\u00e9vention"}]},{"@type":"WebSite","@id":"https:\/\/cptspaysdangouleme.fr\/#website","url":"https:\/\/cptspaysdangouleme.fr\/","name":"Cpts Pays Angouleme","description":"","potentialAction":[{"@type":"SearchAction","target":{"@type":"EntryPoint","urlTemplate":"https:\/\/cptspaysdangouleme.fr\/?s={search_term_string}"},"query-input":{"@type":"PropertyValueSpecification","valueRequired":true,"valueName":"search_term_string"}}],"inLanguage":"fr-FR"}]}},"ticketed":false,"_links":{"self":[{"href":"https:\/\/cptspaysdangouleme.fr\/index.php\/wp-json\/wp\/v2\/pages\/159657","targetHints":{"allow":["GET"]}}],"collection":[{"href":"https:\/\/cptspaysdangouleme.fr\/index.php\/wp-json\/wp\/v2\/pages"}],"about":[{"href":"https:\/\/cptspaysdangouleme.fr\/index.php\/wp-json\/wp\/v2\/types\/page"}],"author":[{"embeddable":true,"href":"https:\/\/cptspaysdangouleme.fr\/index.php\/wp-json\/wp\/v2\/users\/2"}],"replies":[{"embeddable":true,"href":"https:\/\/cptspaysdangouleme.fr\/index.php\/wp-json\/wp\/v2\/comments?post=159657"}],"version-history":[{"count":33,"href":"https:\/\/cptspaysdangouleme.fr\/index.php\/wp-json\/wp\/v2\/pages\/159657\/revisions"}],"predecessor-version":[{"id":160851,"href":"https:\/\/cptspaysdangouleme.fr\/index.php\/wp-json\/wp\/v2\/pages\/159657\/revisions\/160851"}],"up":[{"embeddable":true,"href":"https:\/\/cptspaysdangouleme.fr\/index.php\/wp-json\/wp\/v2\/pages\/159516"}],"wp:featuredmedia":[{"embeddable":true,"href":"https:\/\/cptspaysdangouleme.fr\/index.php\/wp-json\/wp\/v2\/media\/160488"}],"wp:attachment":[{"href":"https:\/\/cptspaysdangouleme.fr\/index.php\/wp-json\/wp\/v2\/media?parent=159657"}],"curies":[{"name":"wp","href":"https:\/\/api.w.org\/{rel}","templated":true}]}}