{"id":159661,"date":"2025-11-19T10:02:45","date_gmt":"2025-11-19T09:02:45","guid":{"rendered":"https:\/\/cpts-pays-angouleme.fr\/?page_id=159661"},"modified":"2026-01-19T11:28:30","modified_gmt":"2026-01-19T10:28:30","slug":"accompagnement-des-professionnels-de-sante","status":"publish","type":"page","link":"https:\/\/cptspaysdangouleme.fr\/index.php\/nos-missions\/accompagnement-des-professionnels-de-sante\/","title":{"rendered":"Accompagnement des professionnels de sant\u00e9"},"content":{"rendered":"<div class=\"wpb-content-wrapper\"><p>[vc_row row_height_percent=\u00a0\u00bb0&Prime; override_padding=\u00a0\u00bbyes\u00a0\u00bb h_padding=\u00a0\u00bb2&Prime; top_padding=\u00a0\u00bb3&Prime; bottom_padding=\u00a0\u00bb3&Prime; back_image=\u00a0\u00bb160478&Prime; overlay_alpha=\u00a0\u00bb50&Prime; gutter_size=\u00a0\u00bb3&Prime; column_width_percent=\u00a0\u00bb100&Prime; shift_y=\u00a0\u00bb0&Prime; z_index=\u00a0\u00bb0&Prime; content_parallax=\u00a0\u00bb0&Prime; uncode_shortcode_id=\u00a0\u00bb160927&Prime;][vc_column column_width_percent=\u00a0\u00bb100&Prime; gutter_size=\u00a0\u00bb1&Prime; style=\u00a0\u00bbdark\u00a0\u00bb overlay_alpha=\u00a0\u00bb50&Prime; shift_x=\u00a0\u00bb0&Prime; shift_y=\u00a0\u00bb0&Prime; shift_y_down=\u00a0\u00bb0&Prime; z_index=\u00a0\u00bb0&Prime; medium_width=\u00a0\u00bb0&Prime; mobile_width=\u00a0\u00bb0&Prime; width=\u00a0\u00bb1\/1&Prime; uncode_shortcode_id=\u00a0\u00bb126192&Prime;][vc_custom_heading heading_semantic=\u00a0\u00bbh3&Prime; text_font=\u00a0\u00bbfont-201595&Prime; text_size=\u00a0\u00bbh3&Prime; text_weight=\u00a0\u00bb400&Prime; text_transform=\u00a0\u00bbuppercase\u00a0\u00bb uncode_shortcode_id=\u00a0\u00bb581975&Prime;]Notre mission[\/vc_custom_heading][vc_custom_heading text_font=\u00a0\u00bbfont-201595&Prime; text_size=\u00a0\u00bbh1&Prime; text_transform=\u00a0\u00bbuppercase\u00a0\u00bb uncode_shortcode_id=\u00a0\u00bb767358&Prime;]Accompagnement des professionnels de sant\u00e9[\/vc_custom_heading][\/vc_column][\/vc_row][vc_row unlock_row_content=\u00a0\u00bbyes\u00a0\u00bb row_height_percent=\u00a0\u00bb0&Prime; override_padding=\u00a0\u00bbyes\u00a0\u00bb h_padding=\u00a0\u00bb0&Prime; top_padding=\u00a0\u00bb3&Prime; bottom_padding=\u00a0\u00bb2&Prime; back_image=\u00a0\u00bb159404&Prime; overlay_color=\u00a0\u00bbcolor-xsdn\u00a0\u00bb overlay_alpha=\u00a0\u00bb64&Prime; equal_height=\u00a0\u00bbyes\u00a0\u00bb gutter_size=\u00a0\u00bb4&Prime; column_width_percent=\u00a0\u00bb100&Prime; border_style=\u00a0\u00bbsolid\u00a0\u00bb shift_y=\u00a0\u00bb0&Prime; z_index=\u00a0\u00bb0&Prime; top_divider=\u00a0\u00bbstep_1_2&Prime; bottom_divider=\u00a0\u00bbstep_1_2&Prime; content_parallax=\u00a0\u00bb0&Prime; uncode_shortcode_id=\u00a0\u00bb196522&Prime; overlay_color_type=\u00a0\u00bbuncode-palette\u00a0\u00bb][vc_column column_width_percent=\u00a0\u00bb100&Prime; align_horizontal=\u00a0\u00bbalign_right\u00a0\u00bb gutter_size=\u00a0\u00bb3&Prime; overlay_alpha=\u00a0\u00bb50&Prime; shift_x=\u00a0\u00bb0&Prime; shift_y=\u00a0\u00bb0&Prime; z_index=\u00a0\u00bb0&Prime; medium_width=\u00a0\u00bb4&Prime; mobile_width=\u00a0\u00bb0&Prime; width=\u00a0\u00bb1\/2&Prime;][vc_single_image media=\u00a0\u00bb160632&Prime; media_width_percent=\u00a0\u00bb100&Prime; media_ratio=\u00a0\u00bbfour-three\u00a0\u00bb shape=\u00a0\u00bbimg-round\u00a0\u00bb radius=\u00a0\u00bbhg\u00a0\u00bb uncode_shortcode_id=\u00a0\u00bb106458&Prime;][\/vc_column][vc_column column_width_percent=\u00a0\u00bb100&Prime; position_horizontal=\u00a0\u00bbleft\u00a0\u00bb gutter_size=\u00a0\u00bb1&Prime; override_padding=\u00a0\u00bbyes\u00a0\u00bb column_padding=\u00a0\u00bb4&Prime; overlay_alpha=\u00a0\u00bb50&Prime; shift_x=\u00a0\u00bb0&Prime; shift_y=\u00a0\u00bb-3&Prime; shift_y_down=\u00a0\u00bb0&Prime; z_index=\u00a0\u00bb0&Prime; medium_width=\u00a0\u00bb4&Prime; align_mobile=\u00a0\u00bbalign_center_mobile\u00a0\u00bb mobile_width=\u00a0\u00bb0&Prime; width=\u00a0\u00bb1\/2&Prime; uncode_shortcode_id=\u00a0\u00bb146216&Prime;][vc_custom_heading heading_semantic=\u00a0\u00bbp\u00a0\u00bb text_font=\u00a0\u00bbfont-201595&Prime; text_size=\u00a0\u00bbh3&Prime; text_weight=\u00a0\u00bb400&Prime; text_transform=\u00a0\u00bbuppercase\u00a0\u00bb uncode_shortcode_id=\u00a0\u00bb154693&Prime;]CPTS Pays d\u2019Angoul\u00eame[\/vc_custom_heading][vc_custom_heading heading_semantic=\u00a0\u00bbh1&Prime; text_font=\u00a0\u00bbfont-201595&Prime; text_weight=\u00a0\u00bb700&Prime; text_transform=\u00a0\u00bbuppercase\u00a0\u00bb uncode_shortcode_id=\u00a0\u00bb189968&Prime;]Accompagnement des professionnels de sant\u00e9 et accueil des \u00e9tudiants[\/vc_custom_heading][vc_empty_space empty_h=\u00a0\u00bb1&Prime;][vc_column_text uncode_shortcode_id=\u00a0\u00bb148012&Prime;]La CPTS du Pays d&rsquo;Angoul\u00eame accompagne les nouveaux professionnels de sant\u00e9 et \u00e9tudiants dans leur installation sur le territoire. Notre mission vise \u00e9galement \u00e0 rendre le territoire attractif en mettant en avant la qualit\u00e9 de vie, les opportunit\u00e9s professionnelles et la dynamique de coop\u00e9ration entre praticiens pour encourager de nouvelles installations et renforcer l&rsquo;offre de soins sur le territoire.[\/vc_column_text][\/vc_column][\/vc_row][vc_row row_height_percent=\u00a0\u00bb0&Prime; override_padding=\u00a0\u00bbyes\u00a0\u00bb h_padding=\u00a0\u00bb0&Prime; top_padding=\u00a0\u00bb0&Prime; bottom_padding=\u00a0\u00bb4&Prime; overlay_alpha=\u00a0\u00bb50&Prime; equal_height=\u00a0\u00bbyes\u00a0\u00bb gutter_size=\u00a0\u00bb0&Prime; column_width_percent=\u00a0\u00bb100&Prime; shift_y=\u00a0\u00bb0&Prime; z_index=\u00a0\u00bb0&Prime; content_parallax=\u00a0\u00bb0&Prime; uncode_shortcode_id=\u00a0\u00bb180677&Prime;][vc_column column_width_percent=\u00a0\u00bb100&Prime; align_horizontal=\u00a0\u00bbalign_center\u00a0\u00bb gutter_size=\u00a0\u00bb1&Prime; style=\u00a0\u00bblight\u00a0\u00bb overlay_alpha=\u00a0\u00bb50&Prime; shift_x=\u00a0\u00bb0&Prime; shift_y=\u00a0\u00bb0&Prime; shift_y_down=\u00a0\u00bb0&Prime; z_index=\u00a0\u00bb0&Prime; medium_width=\u00a0\u00bb0&Prime; mobile_width=\u00a0\u00bb0&Prime; css_animation=\u00a0\u00bbalpha-anim\u00a0\u00bb animation_speed=\u00a0\u00bb1000&Prime; width=\u00a0\u00bb1\/1&Prime; uncode_shortcode_id=\u00a0\u00bb155525&Prime;][vc_custom_heading heading_semantic=\u00a0\u00bbh3&Prime; text_font=\u00a0\u00bbfont-201595&Prime; text_size=\u00a0\u00bbh3&Prime; text_weight=\u00a0\u00bb400&Prime; text_transform=\u00a0\u00bbuppercase\u00a0\u00bb uncode_shortcode_id=\u00a0\u00bb446745&Prime;]Notre organisation[\/vc_custom_heading][vc_custom_heading text_font=\u00a0\u00bbfont-201595&Prime; text_weight=\u00a0\u00bb700&Prime; text_transform=\u00a0\u00bbuppercase\u00a0\u00bb uncode_shortcode_id=\u00a0\u00bb549652&Prime;]pour r\u00e9pondre \u00e0 vos besoins[\/vc_custom_heading][vc_empty_space empty_h=\u00a0\u00bb3&Prime;][vc_row_inner row_inner_height_percent=\u00a0\u00bb0&Prime; overlay_alpha=\u00a0\u00bb50&Prime; gutter_size=\u00a0\u00bb4&Prime; shift_y=\u00a0\u00bb0&Prime; z_index=\u00a0\u00bb0&Prime; limit_content=\u00a0\u00bb\u00a0\u00bb uncode_shortcode_id=\u00a0\u00bb469930&Prime;][vc_column_inner column_width_percent=\u00a0\u00bb100&Prime; gutter_size=\u00a0\u00bb2&Prime; style=\u00a0\u00bbdark\u00a0\u00bb back_color=\u00a0\u00bbcolor-210407&Prime; overlay_alpha=\u00a0\u00bb50&Prime; radius=\u00a0\u00bbhg\u00a0\u00bb shift_x=\u00a0\u00bb0&Prime; shift_y=\u00a0\u00bb0&Prime; shift_y_down=\u00a0\u00bb0&Prime; z_index=\u00a0\u00bb0&Prime; medium_width=\u00a0\u00bb0&Prime; mobile_width=\u00a0\u00bb0&Prime; sticky=\u00a0\u00bbyes\u00a0\u00bb width=\u00a0\u00bb5\/12&Prime; uncode_shortcode_id=\u00a0\u00bb745588&Prime; back_color_type=\u00a0\u00bbuncode-palette\u00a0\u00bb][vc_custom_heading heading_semantic=\u00a0\u00bbh4&Prime; text_font=\u00a0\u00bbfont-133811&Prime; text_size=\u00a0\u00bbh5&Prime; text_weight=\u00a0\u00bb700&Prime; text_transform=\u00a0\u00bbuppercase\u00a0\u00bb uncode_shortcode_id=\u00a0\u00bb224694&Prime;]objectifs de la mission[\/vc_custom_heading][vc_empty_space empty_h=\u00a0\u00bb1&Prime;][uncode_list icon=\u00a0\u00bbfa fa-check\u00a0\u00bb icon_color=\u00a0\u00bbcolor-127499&Prime; uncode_shortcode_id=\u00a0\u00bb127421&Prime; icon_color_type=\u00a0\u00bbuncode-palette\u00a0\u00bb]<\/p>\n<ul>\n<li>D\u00e9velopper l\u2019attractivit\u00e9 du territoire aupr\u00e8s des nouveaux professionnels de sant\u00e9, y<br \/>\ncompris aupr\u00e8s des \u00e9tudiants et des jeunes dipl\u00f4mes<\/li>\n<li>Favoriser l\u2019installation de nouveaux professionnels sur notre territoire<\/li>\n<\/ul>\n<p>[\/uncode_list][vc_empty_space empty_h=\u00a0\u00bb1&Prime;][\/vc_column_inner][vc_column_inner column_width_percent=\u00a0\u00bb100&Prime; gutter_size=\u00a0\u00bb1&Prime; override_padding=\u00a0\u00bbyes\u00a0\u00bb column_padding=\u00a0\u00bb2&Prime; style=\u00a0\u00bblight\u00a0\u00bb overlay_alpha=\u00a0\u00bb50&Prime; radius=\u00a0\u00bbhg\u00a0\u00bb border_color=\u00a0\u00bbcolor-210407&Prime; border_style=\u00a0\u00bbsolid\u00a0\u00bb shift_x=\u00a0\u00bb0&Prime; shift_y=\u00a0\u00bb0&Prime; shift_y_down=\u00a0\u00bb0&Prime; z_index=\u00a0\u00bb0&Prime; medium_width=\u00a0\u00bb0&Prime; mobile_width=\u00a0\u00bb0&Prime; width=\u00a0\u00bb7\/12&Prime; uncode_shortcode_id=\u00a0\u00bb141671&Prime; css=\u00a0\u00bb.vc_custom_1765814353328{border-top-width: 2px !important;border-right-width: 2px !important;border-bottom-width: 2px !important;border-left-width: 2px !important;}\u00a0\u00bb border_color_type=\u00a0\u00bbuncode-palette\u00a0\u00bb][vc_custom_heading heading_semantic=\u00a0\u00bbh5&Prime; text_font=\u00a0\u00bbfont-133811&Prime; text_size=\u00a0\u00bbh5&Prime; text_weight=\u00a0\u00bb700&Prime; text_transform=\u00a0\u00bbuppercase\u00a0\u00bb uncode_shortcode_id=\u00a0\u00bb172663&Prime;]En pratique[\/vc_custom_heading][vc_empty_space empty_h=\u00a0\u00bb1&Prime;][uncode_list icon=\u00a0\u00bbfa fa-check\u00a0\u00bb icon_color=\u00a0\u00bbcolor-127499&Prime; uncode_shortcode_id=\u00a0\u00bb299247&Prime; icon_color_type=\u00a0\u00bbuncode-palette\u00a0\u00bb]<\/p>\n<ul>\n<li>Encourager l\u2019accueil des \u00e9tudiants et des stagiaires par les professionnels de sant\u00e9<\/li>\n<li>Proposer un accompagnement \u00e0 l\u2019installation<\/li>\n<li>D\u00e9velopper un parcours d\u2019accueil et d\u2019int\u00e9gration aux nouveaux install\u00e9s<\/li>\n<li>Identifier et centraliser les besoins des professionnels de sant\u00e9 : remplacements, installations, locaux vides, etc.<\/li>\n<\/ul>\n<p>[\/uncode_list][\/vc_column_inner][\/vc_row_inner][\/vc_column][\/vc_row]<\/p>\n<\/div>","protected":false},"excerpt":{"rendered":"<p>La CPTS Pays d\u2019Angoul\u00eame soutient les professionnels de sant\u00e9 dans leur pratique quotidienne, en renfor\u00e7ant la coordination, en facilitant les \u00e9changes<\/p>\n","protected":false},"author":2,"featured_media":160632,"parent":159516,"menu_order":6,"comment_status":"closed","ping_status":"closed","template":"","meta":{"_price":"","_stock":"","_tribe_ticket_header":"","_tribe_default_ticket_provider":"","_tribe_ticket_capacity":"0","_ticket_start_date":"","_ticket_end_date":"","_tribe_ticket_show_description":"","_tribe_ticket_show_not_going":false,"_tribe_ticket_use_global_stock":"","_tribe_ticket_global_stock_level":"","_global_stock_mode":"","_global_stock_cap":"","_tribe_rsvp_for_event":"","_tribe_ticket_going_count":"","_tribe_ticket_not_going_count":"","_tribe_tickets_list":"[]","_tribe_ticket_has_attendee_info_fields":false,"footnotes":"","_tec_slr_enabled":"","_tec_slr_layout":""},"class_list":["post-159661","page","type-page","status-publish","has-post-thumbnail","hentry","page_category-nos-missions"],"yoast_head":"<!-- This site is optimized with the Yoast SEO plugin v27.3 - https:\/\/yoast.com\/product\/yoast-seo-wordpress\/ -->\n<title>Accompagnement des professionnels de sant\u00e9 - Cpts Pays Angouleme<\/title>\n<meta name=\"robots\" content=\"index, follow, max-snippet:-1, max-image-preview:large, max-video-preview:-1\" \/>\n<link rel=\"canonical\" href=\"https:\/\/cptspaysdangouleme.fr\/index.php\/nos-missions\/accompagnement-des-professionnels-de-sante\/\" \/>\n<meta property=\"og:locale\" content=\"fr_FR\" \/>\n<meta property=\"og:type\" content=\"article\" \/>\n<meta property=\"og:title\" content=\"Accompagnement des professionnels de sant\u00e9 - Cpts Pays Angouleme\" \/>\n<meta property=\"og:description\" content=\"La CPTS Pays d\u2019Angoul\u00eame soutient les professionnels de sant\u00e9 dans leur pratique quotidienne, en renfor\u00e7ant la coordination, en facilitant les \u00e9changes\" \/>\n<meta property=\"og:url\" content=\"https:\/\/cptspaysdangouleme.fr\/index.php\/nos-missions\/accompagnement-des-professionnels-de-sante\/\" \/>\n<meta property=\"og:site_name\" content=\"Cpts Pays Angouleme\" \/>\n<meta property=\"article:modified_time\" content=\"2026-01-19T10:28:30+00:00\" \/>\n<meta property=\"og:image\" content=\"https:\/\/cptspaysdangouleme.fr\/wp-content\/uploads\/2025\/12\/medecin-corpo.jpg\" \/>\n\t<meta property=\"og:image:width\" content=\"1600\" \/>\n\t<meta property=\"og:image:height\" content=\"1600\" \/>\n\t<meta property=\"og:image:type\" content=\"image\/jpeg\" \/>\n<meta name=\"twitter:card\" content=\"summary_large_image\" \/>\n<meta name=\"twitter:label1\" content=\"Dur\u00e9e de lecture estim\u00e9e\" \/>\n\t<meta name=\"twitter:data1\" content=\"3 minutes\" \/>\n<script type=\"application\/ld+json\" class=\"yoast-schema-graph\">{\"@context\":\"https:\\\/\\\/schema.org\",\"@graph\":[{\"@type\":\"WebPage\",\"@id\":\"https:\\\/\\\/cptspaysdangouleme.fr\\\/index.php\\\/nos-missions\\\/accompagnement-des-professionnels-de-sante\\\/\",\"url\":\"https:\\\/\\\/cptspaysdangouleme.fr\\\/index.php\\\/nos-missions\\\/accompagnement-des-professionnels-de-sante\\\/\",\"name\":\"Accompagnement des professionnels de sant\u00e9 - Cpts Pays Angouleme\",\"isPartOf\":{\"@id\":\"https:\\\/\\\/cptspaysdangouleme.fr\\\/#website\"},\"primaryImageOfPage\":{\"@id\":\"https:\\\/\\\/cptspaysdangouleme.fr\\\/index.php\\\/nos-missions\\\/accompagnement-des-professionnels-de-sante\\\/#primaryimage\"},\"image\":{\"@id\":\"https:\\\/\\\/cptspaysdangouleme.fr\\\/index.php\\\/nos-missions\\\/accompagnement-des-professionnels-de-sante\\\/#primaryimage\"},\"thumbnailUrl\":\"https:\\\/\\\/cptspaysdangouleme.fr\\\/wp-content\\\/uploads\\\/2025\\\/12\\\/medecin-corpo.jpg\",\"datePublished\":\"2025-11-19T09:02:45+00:00\",\"dateModified\":\"2026-01-19T10:28:30+00:00\",\"breadcrumb\":{\"@id\":\"https:\\\/\\\/cptspaysdangouleme.fr\\\/index.php\\\/nos-missions\\\/accompagnement-des-professionnels-de-sante\\\/#breadcrumb\"},\"inLanguage\":\"fr-FR\",\"potentialAction\":[{\"@type\":\"ReadAction\",\"target\":[\"https:\\\/\\\/cptspaysdangouleme.fr\\\/index.php\\\/nos-missions\\\/accompagnement-des-professionnels-de-sante\\\/\"]}]},{\"@type\":\"ImageObject\",\"inLanguage\":\"fr-FR\",\"@id\":\"https:\\\/\\\/cptspaysdangouleme.fr\\\/index.php\\\/nos-missions\\\/accompagnement-des-professionnels-de-sante\\\/#primaryimage\",\"url\":\"https:\\\/\\\/cptspaysdangouleme.fr\\\/wp-content\\\/uploads\\\/2025\\\/12\\\/medecin-corpo.jpg\",\"contentUrl\":\"https:\\\/\\\/cptspaysdangouleme.fr\\\/wp-content\\\/uploads\\\/2025\\\/12\\\/medecin-corpo.jpg\",\"width\":1600,\"height\":1600},{\"@type\":\"BreadcrumbList\",\"@id\":\"https:\\\/\\\/cptspaysdangouleme.fr\\\/index.php\\\/nos-missions\\\/accompagnement-des-professionnels-de-sante\\\/#breadcrumb\",\"itemListElement\":[{\"@type\":\"ListItem\",\"position\":1,\"name\":\"Home\",\"item\":\"https:\\\/\\\/cptspaysdangouleme.fr\\\/\"},{\"@type\":\"ListItem\",\"position\":2,\"name\":\"Nos missions\",\"item\":\"https:\\\/\\\/cptspaysdangouleme.fr\\\/index.php\\\/nos-missions\\\/\"},{\"@type\":\"ListItem\",\"position\":3,\"name\":\"Accompagnement des professionnels de sant\u00e9\"}]},{\"@type\":\"WebSite\",\"@id\":\"https:\\\/\\\/cptspaysdangouleme.fr\\\/#website\",\"url\":\"https:\\\/\\\/cptspaysdangouleme.fr\\\/\",\"name\":\"Cpts Pays Angouleme\",\"description\":\"\",\"potentialAction\":[{\"@type\":\"SearchAction\",\"target\":{\"@type\":\"EntryPoint\",\"urlTemplate\":\"https:\\\/\\\/cptspaysdangouleme.fr\\\/?s={search_term_string}\"},\"query-input\":{\"@type\":\"PropertyValueSpecification\",\"valueRequired\":true,\"valueName\":\"search_term_string\"}}],\"inLanguage\":\"fr-FR\"}]}<\/script>\n<!-- \/ Yoast SEO plugin. -->","yoast_head_json":{"title":"Accompagnement des professionnels de sant\u00e9 - Cpts Pays Angouleme","robots":{"index":"index","follow":"follow","max-snippet":"max-snippet:-1","max-image-preview":"max-image-preview:large","max-video-preview":"max-video-preview:-1"},"canonical":"https:\/\/cptspaysdangouleme.fr\/index.php\/nos-missions\/accompagnement-des-professionnels-de-sante\/","og_locale":"fr_FR","og_type":"article","og_title":"Accompagnement des professionnels de sant\u00e9 - Cpts Pays Angouleme","og_description":"La CPTS Pays d\u2019Angoul\u00eame soutient les professionnels de sant\u00e9 dans leur pratique quotidienne, en renfor\u00e7ant la coordination, en facilitant les \u00e9changes","og_url":"https:\/\/cptspaysdangouleme.fr\/index.php\/nos-missions\/accompagnement-des-professionnels-de-sante\/","og_site_name":"Cpts Pays Angouleme","article_modified_time":"2026-01-19T10:28:30+00:00","og_image":[{"width":1600,"height":1600,"url":"https:\/\/cptspaysdangouleme.fr\/wp-content\/uploads\/2025\/12\/medecin-corpo.jpg","type":"image\/jpeg"}],"twitter_card":"summary_large_image","twitter_misc":{"Dur\u00e9e de lecture estim\u00e9e":"3 minutes"},"schema":{"@context":"https:\/\/schema.org","@graph":[{"@type":"WebPage","@id":"https:\/\/cptspaysdangouleme.fr\/index.php\/nos-missions\/accompagnement-des-professionnels-de-sante\/","url":"https:\/\/cptspaysdangouleme.fr\/index.php\/nos-missions\/accompagnement-des-professionnels-de-sante\/","name":"Accompagnement des professionnels de sant\u00e9 - Cpts Pays Angouleme","isPartOf":{"@id":"https:\/\/cptspaysdangouleme.fr\/#website"},"primaryImageOfPage":{"@id":"https:\/\/cptspaysdangouleme.fr\/index.php\/nos-missions\/accompagnement-des-professionnels-de-sante\/#primaryimage"},"image":{"@id":"https:\/\/cptspaysdangouleme.fr\/index.php\/nos-missions\/accompagnement-des-professionnels-de-sante\/#primaryimage"},"thumbnailUrl":"https:\/\/cptspaysdangouleme.fr\/wp-content\/uploads\/2025\/12\/medecin-corpo.jpg","datePublished":"2025-11-19T09:02:45+00:00","dateModified":"2026-01-19T10:28:30+00:00","breadcrumb":{"@id":"https:\/\/cptspaysdangouleme.fr\/index.php\/nos-missions\/accompagnement-des-professionnels-de-sante\/#breadcrumb"},"inLanguage":"fr-FR","potentialAction":[{"@type":"ReadAction","target":["https:\/\/cptspaysdangouleme.fr\/index.php\/nos-missions\/accompagnement-des-professionnels-de-sante\/"]}]},{"@type":"ImageObject","inLanguage":"fr-FR","@id":"https:\/\/cptspaysdangouleme.fr\/index.php\/nos-missions\/accompagnement-des-professionnels-de-sante\/#primaryimage","url":"https:\/\/cptspaysdangouleme.fr\/wp-content\/uploads\/2025\/12\/medecin-corpo.jpg","contentUrl":"https:\/\/cptspaysdangouleme.fr\/wp-content\/uploads\/2025\/12\/medecin-corpo.jpg","width":1600,"height":1600},{"@type":"BreadcrumbList","@id":"https:\/\/cptspaysdangouleme.fr\/index.php\/nos-missions\/accompagnement-des-professionnels-de-sante\/#breadcrumb","itemListElement":[{"@type":"ListItem","position":1,"name":"Home","item":"https:\/\/cptspaysdangouleme.fr\/"},{"@type":"ListItem","position":2,"name":"Nos missions","item":"https:\/\/cptspaysdangouleme.fr\/index.php\/nos-missions\/"},{"@type":"ListItem","position":3,"name":"Accompagnement des professionnels de sant\u00e9"}]},{"@type":"WebSite","@id":"https:\/\/cptspaysdangouleme.fr\/#website","url":"https:\/\/cptspaysdangouleme.fr\/","name":"Cpts Pays Angouleme","description":"","potentialAction":[{"@type":"SearchAction","target":{"@type":"EntryPoint","urlTemplate":"https:\/\/cptspaysdangouleme.fr\/?s={search_term_string}"},"query-input":{"@type":"PropertyValueSpecification","valueRequired":true,"valueName":"search_term_string"}}],"inLanguage":"fr-FR"}]}},"ticketed":false,"_links":{"self":[{"href":"https:\/\/cptspaysdangouleme.fr\/index.php\/wp-json\/wp\/v2\/pages\/159661","targetHints":{"allow":["GET"]}}],"collection":[{"href":"https:\/\/cptspaysdangouleme.fr\/index.php\/wp-json\/wp\/v2\/pages"}],"about":[{"href":"https:\/\/cptspaysdangouleme.fr\/index.php\/wp-json\/wp\/v2\/types\/page"}],"author":[{"embeddable":true,"href":"https:\/\/cptspaysdangouleme.fr\/index.php\/wp-json\/wp\/v2\/users\/2"}],"replies":[{"embeddable":true,"href":"https:\/\/cptspaysdangouleme.fr\/index.php\/wp-json\/wp\/v2\/comments?post=159661"}],"version-history":[{"count":34,"href":"https:\/\/cptspaysdangouleme.fr\/index.php\/wp-json\/wp\/v2\/pages\/159661\/revisions"}],"predecessor-version":[{"id":160871,"href":"https:\/\/cptspaysdangouleme.fr\/index.php\/wp-json\/wp\/v2\/pages\/159661\/revisions\/160871"}],"up":[{"embeddable":true,"href":"https:\/\/cptspaysdangouleme.fr\/index.php\/wp-json\/wp\/v2\/pages\/159516"}],"wp:featuredmedia":[{"embeddable":true,"href":"https:\/\/cptspaysdangouleme.fr\/index.php\/wp-json\/wp\/v2\/media\/160632"}],"wp:attachment":[{"href":"https:\/\/cptspaysdangouleme.fr\/index.php\/wp-json\/wp\/v2\/media?parent=159661"}],"curies":[{"name":"wp","href":"https:\/\/api.w.org\/{rel}","templated":true}]}}