{"id":160569,"date":"2025-12-17T11:11:08","date_gmt":"2025-12-17T10:11:08","guid":{"rendered":"https:\/\/cpts-pays-angouleme.fr\/?page_id=160569"},"modified":"2026-02-25T09:48:15","modified_gmt":"2026-02-25T08:48:15","slug":"dernieres-actualites","status":"publish","type":"page","link":"https:\/\/cptspaysdangouleme.fr\/index.php\/dernieres-actualites\/","title":{"rendered":"Derni\u00e8res actualit\u00e9s"},"content":{"rendered":"<div class=\"wpb-content-wrapper\"><p>[vc_row row_height_percent=\u00a0\u00bb0&Prime; override_padding=\u00a0\u00bbyes\u00a0\u00bb h_padding=\u00a0\u00bb2&Prime; top_padding=\u00a0\u00bb3&Prime; bottom_padding=\u00a0\u00bb3&Prime; back_image=\u00a0\u00bb160477&Prime; overlay_alpha=\u00a0\u00bb50&Prime; gutter_size=\u00a0\u00bb3&Prime; column_width_percent=\u00a0\u00bb100&Prime; shift_y=\u00a0\u00bb0&Prime; z_index=\u00a0\u00bb0&Prime; content_parallax=\u00a0\u00bb0&Prime; uncode_shortcode_id=\u00a0\u00bb697927&Prime;][vc_column column_width_percent=\u00a0\u00bb100&Prime; gutter_size=\u00a0\u00bb1&Prime; style=\u00a0\u00bbdark\u00a0\u00bb overlay_alpha=\u00a0\u00bb50&Prime; shift_x=\u00a0\u00bb0&Prime; shift_y=\u00a0\u00bb0&Prime; shift_y_down=\u00a0\u00bb0&Prime; z_index=\u00a0\u00bb0&Prime; medium_width=\u00a0\u00bb0&Prime; mobile_width=\u00a0\u00bb0&Prime; width=\u00a0\u00bb1\/2&Prime; uncode_shortcode_id=\u00a0\u00bb126192&Prime;][vc_custom_heading heading_semantic=\u00a0\u00bbp\u00a0\u00bb text_font=\u00a0\u00bbfont-201595&Prime; text_size=\u00a0\u00bbh3&Prime; text_weight=\u00a0\u00bb400&Prime; text_transform=\u00a0\u00bbuppercase\u00a0\u00bb uncode_shortcode_id=\u00a0\u00bb141659&Prime;]D\u00e9couvrez les[\/vc_custom_heading][vc_custom_heading heading_semantic=\u00a0\u00bbh1&Prime; text_font=\u00a0\u00bbfont-201595&Prime; text_size=\u00a0\u00bbh1&Prime; text_transform=\u00a0\u00bbuppercase\u00a0\u00bb uncode_shortcode_id=\u00a0\u00bb211569&Prime;]Derni\u00e8res actualit\u00e9s[\/vc_custom_heading][\/vc_column][vc_column width=\u00a0\u00bb1\/2&Prime;][\/vc_column][\/vc_row][vc_row row_height_percent=\u00a0\u00bb0&Prime; override_padding=\u00a0\u00bbyes\u00a0\u00bb h_padding=\u00a0\u00bb2&Prime; top_padding=\u00a0\u00bb4&Prime; bottom_padding=\u00a0\u00bb2&Prime; overlay_alpha=\u00a0\u00bb50&Prime; gutter_size=\u00a0\u00bb3&Prime; column_width_percent=\u00a0\u00bb100&Prime; shift_y=\u00a0\u00bb0&Prime; z_index=\u00a0\u00bb0&Prime; content_parallax=\u00a0\u00bb0&Prime; uncode_shortcode_id=\u00a0\u00bb134764&Prime;][vc_column width=\u00a0\u00bb1\/1&Prime;][uncode_index el_id=\u00a0\u00bbindex-537495863&Prime; index_type=\u00a0\u00bbcarousel\u00a0\u00bb loop=\u00a0\u00bbsize:9|order_by:date|post_type:post|categories:77|taxonomy_count:10&Prime; carousel_lg=\u00a0\u00bb3&Prime; carousel_md=\u00a0\u00bb2&Prime; carousel_sm=\u00a0\u00bb1&Prime; thumb_size=\u00a0\u00bbthree-two\u00a0\u00bb gutter_size=\u00a0\u00bb3&Prime; post_items=\u00a0\u00bbmedia|featured|onpost|poster,date,title|-,text|excerpt|100,category|colorbg|topright|hide-icon,link|circle|small_size|scale_mobile|fluid_width|default_outline\u00a0\u00bb carousel_interval=\u00a0\u00bb3000&Prime; carousel_navspeed=\u00a0\u00bb400&Prime; carousel_dots=\u00a0\u00bbyes\u00a0\u00bb carousel_dots_space=\u00a0\u00bbyes\u00a0\u00bb carousel_dots_mobile=\u00a0\u00bbyes\u00a0\u00bb stage_padding=\u00a0\u00bb0&Prime; single_style=\u00a0\u00bbdark\u00a0\u00bb single_back_color=\u00a0\u00bbcolor-210407&Prime; single_shape=\u00a0\u00bbround\u00a0\u00bb radius=\u00a0\u00bbhg\u00a0\u00bb single_overlay_opacity=\u00a0\u00bb50&Prime; single_text_visible=\u00a0\u00bbyes\u00a0\u00bb single_text_anim=\u00a0\u00bbno\u00a0\u00bb single_padding=\u00a0\u00bb2&Prime; single_title_semantic=\u00a0\u00bbh2&Prime; single_title_family=\u00a0\u00bbfont-133811&Prime; single_title_dimension=\u00a0\u00bbh6&Prime; single_title_weight=\u00a0\u00bb700&Prime; single_border=\u00a0\u00bbyes\u00a0\u00bb uncode_shortcode_id=\u00a0\u00bb116958&Prime;][\/vc_column][\/vc_row]<\/p>\n<\/div>","protected":false},"excerpt":{"rendered":"<p>[vc_row row_height_percent=\u00a0\u00bb0&Prime; override_padding=\u00a0\u00bbyes\u00a0\u00bb h_padding=\u00a0\u00bb2&Prime; top_padding=\u00a0\u00bb3&Prime; bottom_padding=\u00a0\u00bb3&Prime; back_image=\u00a0\u00bb160477&Prime; overlay_alpha=\u00a0\u00bb50&Prime; gutter_size=\u00a0\u00bb3&Prime; column_width_percent=\u00a0\u00bb100&Prime; shift_y=\u00a0\u00bb0&Prime; z_index=\u00a0\u00bb0&Prime; content_parallax=\u00a0\u00bb0&Prime; uncode_shortcode_id=\u00a0\u00bb697927&Prime;][vc_column column_width_percent=\u00a0\u00bb100&Prime; gutter_size=\u00a0\u00bb1&Prime; style=\u00a0\u00bbdark\u00a0\u00bb overlay_alpha=\u00a0\u00bb50&Prime; shift_x=\u00a0\u00bb0&Prime; shift_y=\u00a0\u00bb0&Prime; [&hellip;]<\/p>\n","protected":false},"author":2,"featured_media":0,"parent":0,"menu_order":0,"comment_status":"closed","ping_status":"closed","template":"","meta":{"_price":"","_stock":"","_tribe_ticket_header":"","_tribe_default_ticket_provider":"","_tribe_ticket_capacity":"0","_ticket_start_date":"","_ticket_end_date":"","_tribe_ticket_show_description":"","_tribe_ticket_show_not_going":false,"_tribe_ticket_use_global_stock":"","_tribe_ticket_global_stock_level":"","_global_stock_mode":"","_global_stock_cap":"","_tribe_rsvp_for_event":"","_tribe_ticket_going_count":"","_tribe_ticket_not_going_count":"","_tribe_tickets_list":"[]","_tribe_ticket_has_attendee_info_fields":false,"footnotes":"","_tec_slr_enabled":"","_tec_slr_layout":""},"class_list":["post-160569","page","type-page","status-publish","hentry"],"yoast_head":"<!-- This site is optimized with the Yoast SEO plugin v27.3 - https:\/\/yoast.com\/product\/yoast-seo-wordpress\/ -->\n<title>Actualit\u00e9s \u2013 CPTS Pays d\u2019Angoul\u00eame | Actions &amp; \u00e9v\u00e9nements<\/title>\n<meta name=\"description\" content=\"Retrouvez les derni\u00e8res actualit\u00e9s de la CPTS Pays d\u2019Angoul\u00eame : actions, \u00e9v\u00e9nements et initiatives pour l\u2019acc\u00e8s aux soins...\" \/>\n<meta name=\"robots\" content=\"index, follow, max-snippet:-1, max-image-preview:large, max-video-preview:-1\" \/>\n<link rel=\"canonical\" href=\"https:\/\/cptspaysdangouleme.fr\/index.php\/dernieres-actualites\/\" \/>\n<meta property=\"og:locale\" content=\"fr_FR\" \/>\n<meta property=\"og:type\" content=\"article\" \/>\n<meta property=\"og:title\" content=\"Actualit\u00e9s \u2013 CPTS Pays d\u2019Angoul\u00eame | Actions &amp; \u00e9v\u00e9nements\" \/>\n<meta property=\"og:description\" content=\"Retrouvez les derni\u00e8res actualit\u00e9s de la CPTS Pays d\u2019Angoul\u00eame : actions, \u00e9v\u00e9nements et initiatives pour l\u2019acc\u00e8s aux soins...\" \/>\n<meta property=\"og:url\" content=\"https:\/\/cptspaysdangouleme.fr\/index.php\/dernieres-actualites\/\" \/>\n<meta property=\"og:site_name\" content=\"Cpts Pays Angouleme\" \/>\n<meta property=\"article:modified_time\" content=\"2026-02-25T08:48:15+00:00\" \/>\n<meta name=\"twitter:card\" content=\"summary_large_image\" \/>\n<meta name=\"twitter:label1\" content=\"Dur\u00e9e de lecture estim\u00e9e\" \/>\n\t<meta name=\"twitter:data1\" content=\"1 minute\" \/>\n<script type=\"application\/ld+json\" class=\"yoast-schema-graph\">{\"@context\":\"https:\\\/\\\/schema.org\",\"@graph\":[{\"@type\":\"WebPage\",\"@id\":\"https:\\\/\\\/cptspaysdangouleme.fr\\\/index.php\\\/dernieres-actualites\\\/\",\"url\":\"https:\\\/\\\/cptspaysdangouleme.fr\\\/index.php\\\/dernieres-actualites\\\/\",\"name\":\"Actualit\u00e9s \u2013 CPTS Pays d\u2019Angoul\u00eame | Actions & \u00e9v\u00e9nements\",\"isPartOf\":{\"@id\":\"https:\\\/\\\/cptspaysdangouleme.fr\\\/#website\"},\"datePublished\":\"2025-12-17T10:11:08+00:00\",\"dateModified\":\"2026-02-25T08:48:15+00:00\",\"description\":\"Retrouvez les derni\u00e8res actualit\u00e9s de la CPTS Pays d\u2019Angoul\u00eame : actions, \u00e9v\u00e9nements et initiatives pour l\u2019acc\u00e8s aux soins...\",\"breadcrumb\":{\"@id\":\"https:\\\/\\\/cptspaysdangouleme.fr\\\/index.php\\\/dernieres-actualites\\\/#breadcrumb\"},\"inLanguage\":\"fr-FR\",\"potentialAction\":[{\"@type\":\"ReadAction\",\"target\":[\"https:\\\/\\\/cptspaysdangouleme.fr\\\/index.php\\\/dernieres-actualites\\\/\"]}]},{\"@type\":\"BreadcrumbList\",\"@id\":\"https:\\\/\\\/cptspaysdangouleme.fr\\\/index.php\\\/dernieres-actualites\\\/#breadcrumb\",\"itemListElement\":[{\"@type\":\"ListItem\",\"position\":1,\"name\":\"Home\",\"item\":\"https:\\\/\\\/cptspaysdangouleme.fr\\\/\"},{\"@type\":\"ListItem\",\"position\":2,\"name\":\"Derni\u00e8res actualit\u00e9s\"}]},{\"@type\":\"WebSite\",\"@id\":\"https:\\\/\\\/cptspaysdangouleme.fr\\\/#website\",\"url\":\"https:\\\/\\\/cptspaysdangouleme.fr\\\/\",\"name\":\"Cpts Pays Angouleme\",\"description\":\"\",\"potentialAction\":[{\"@type\":\"SearchAction\",\"target\":{\"@type\":\"EntryPoint\",\"urlTemplate\":\"https:\\\/\\\/cptspaysdangouleme.fr\\\/?s={search_term_string}\"},\"query-input\":{\"@type\":\"PropertyValueSpecification\",\"valueRequired\":true,\"valueName\":\"search_term_string\"}}],\"inLanguage\":\"fr-FR\"}]}<\/script>\n<!-- \/ Yoast SEO plugin. -->","yoast_head_json":{"title":"Actualit\u00e9s \u2013 CPTS Pays d\u2019Angoul\u00eame | Actions & \u00e9v\u00e9nements","description":"Retrouvez les derni\u00e8res actualit\u00e9s de la CPTS Pays d\u2019Angoul\u00eame : actions, \u00e9v\u00e9nements et initiatives pour l\u2019acc\u00e8s aux soins...","robots":{"index":"index","follow":"follow","max-snippet":"max-snippet:-1","max-image-preview":"max-image-preview:large","max-video-preview":"max-video-preview:-1"},"canonical":"https:\/\/cptspaysdangouleme.fr\/index.php\/dernieres-actualites\/","og_locale":"fr_FR","og_type":"article","og_title":"Actualit\u00e9s \u2013 CPTS Pays d\u2019Angoul\u00eame | Actions & \u00e9v\u00e9nements","og_description":"Retrouvez les derni\u00e8res actualit\u00e9s de la CPTS Pays d\u2019Angoul\u00eame : actions, \u00e9v\u00e9nements et initiatives pour l\u2019acc\u00e8s aux soins...","og_url":"https:\/\/cptspaysdangouleme.fr\/index.php\/dernieres-actualites\/","og_site_name":"Cpts Pays Angouleme","article_modified_time":"2026-02-25T08:48:15+00:00","twitter_card":"summary_large_image","twitter_misc":{"Dur\u00e9e de lecture estim\u00e9e":"1 minute"},"schema":{"@context":"https:\/\/schema.org","@graph":[{"@type":"WebPage","@id":"https:\/\/cptspaysdangouleme.fr\/index.php\/dernieres-actualites\/","url":"https:\/\/cptspaysdangouleme.fr\/index.php\/dernieres-actualites\/","name":"Actualit\u00e9s \u2013 CPTS Pays d\u2019Angoul\u00eame | Actions & \u00e9v\u00e9nements","isPartOf":{"@id":"https:\/\/cptspaysdangouleme.fr\/#website"},"datePublished":"2025-12-17T10:11:08+00:00","dateModified":"2026-02-25T08:48:15+00:00","description":"Retrouvez les derni\u00e8res actualit\u00e9s de la CPTS Pays d\u2019Angoul\u00eame : actions, \u00e9v\u00e9nements et initiatives pour l\u2019acc\u00e8s aux soins...","breadcrumb":{"@id":"https:\/\/cptspaysdangouleme.fr\/index.php\/dernieres-actualites\/#breadcrumb"},"inLanguage":"fr-FR","potentialAction":[{"@type":"ReadAction","target":["https:\/\/cptspaysdangouleme.fr\/index.php\/dernieres-actualites\/"]}]},{"@type":"BreadcrumbList","@id":"https:\/\/cptspaysdangouleme.fr\/index.php\/dernieres-actualites\/#breadcrumb","itemListElement":[{"@type":"ListItem","position":1,"name":"Home","item":"https:\/\/cptspaysdangouleme.fr\/"},{"@type":"ListItem","position":2,"name":"Derni\u00e8res actualit\u00e9s"}]},{"@type":"WebSite","@id":"https:\/\/cptspaysdangouleme.fr\/#website","url":"https:\/\/cptspaysdangouleme.fr\/","name":"Cpts Pays Angouleme","description":"","potentialAction":[{"@type":"SearchAction","target":{"@type":"EntryPoint","urlTemplate":"https:\/\/cptspaysdangouleme.fr\/?s={search_term_string}"},"query-input":{"@type":"PropertyValueSpecification","valueRequired":true,"valueName":"search_term_string"}}],"inLanguage":"fr-FR"}]}},"ticketed":false,"_links":{"self":[{"href":"https:\/\/cptspaysdangouleme.fr\/index.php\/wp-json\/wp\/v2\/pages\/160569","targetHints":{"allow":["GET"]}}],"collection":[{"href":"https:\/\/cptspaysdangouleme.fr\/index.php\/wp-json\/wp\/v2\/pages"}],"about":[{"href":"https:\/\/cptspaysdangouleme.fr\/index.php\/wp-json\/wp\/v2\/types\/page"}],"author":[{"embeddable":true,"href":"https:\/\/cptspaysdangouleme.fr\/index.php\/wp-json\/wp\/v2\/users\/2"}],"replies":[{"embeddable":true,"href":"https:\/\/cptspaysdangouleme.fr\/index.php\/wp-json\/wp\/v2\/comments?post=160569"}],"version-history":[{"count":11,"href":"https:\/\/cptspaysdangouleme.fr\/index.php\/wp-json\/wp\/v2\/pages\/160569\/revisions"}],"predecessor-version":[{"id":160963,"href":"https:\/\/cptspaysdangouleme.fr\/index.php\/wp-json\/wp\/v2\/pages\/160569\/revisions\/160963"}],"wp:attachment":[{"href":"https:\/\/cptspaysdangouleme.fr\/index.php\/wp-json\/wp\/v2\/media?parent=160569"}],"curies":[{"name":"wp","href":"https:\/\/api.w.org\/{rel}","templated":true}]}}